{"id":684,"date":"2019-01-24T17:54:54","date_gmt":"2019-01-24T17:54:54","guid":{"rendered":"http:\/\/kilianseyfried.de\/?page_id=684"},"modified":"2023-11-10T13:17:11","modified_gmt":"2023-11-10T13:17:11","slug":"datenschutzerklaerung","status":"publish","type":"page","link":"https:\/\/kilianseyfried.de\/?page_id=684","title":{"rendered":"Datenschutzerkl\u00e4rung"},"content":{"rendered":"<header id=\"masthead\" class=\"site-header\">\n<div class=\"site-branding\">&nbsp;<\/div>\n<\/header>\n<div id=\"content\" class=\"site-content\">\n<div class=\"container\">\n<div id=\"primary\" class=\"content-area\">\n<article id=\"post-530\" class=\"post-530 page type-page status-publish hentry no-post-thumbnail entry\">\n<div class=\"entry-content\">\n<h3>Datenschutzerkl\u00e4rung<\/h3>\n<p>Im Folgenden informiere ich Sie \u00fcber die Verarbeitung personenbezogener Daten bei der Nutzung meiner Webseite. Ich nehme den Schutz Ihrer personenbezogenen Daten sehr ernst. Ich behandle Ihre personenbezogenen Daten vertraulich und entsprechend der gesetzlichen Datenschutzvorschriften sowie dieser Datenschutzerkl\u00e4rung. Personenbezogene Daten sind alle Informationen, die sich auf eine identifizierte oder identifizierbare nat\u00fcrliche Person beziehen, z.B. Name, Adresse, E-Mail-Adresse, IP-Adresse.<\/p>\n<p>&nbsp;<\/p>\n<h4><span class=\"Aufz\u00e4hlungszeichen\">1.&nbsp;<\/span>Verantwortlicher<\/h4>\n<p>Verantwortliche gem\u00e4\u00df Art. 4 Abs. 7 DSGVO ist<\/p>\n<p>Kilian Seyfried<\/p>\n<p>kilian.seyfried@online.de<\/p>\n<p>&nbsp;<\/p>\n<h4>2. Informatorische Nutzung<\/h4>\n<p>Sofern Sie meine Webseite rein informatorisch nutzen, werden ausschlie\u00dflich die im Folgenden genannten Daten \u00fcber den Zugriff auf die Webseite oder den Abruf einer Datei in einer Protokolldatei erhoben, gespeichert und verarbeitet:<\/p>\n<p>\u00b7 IP-Adresse des anfragenden Rechners; diese wird nach 7 Tagen derart verk\u00fcrzt, dass die Daten keiner bestimmten Person mehr zugeordnet werden k\u00f6nnen.<\/p>\n<p>\u00b7 Datum und Uhrzeit des Zugriffs<\/p>\n<p>\u00b7 Name und URL der abgerufenen Datei<\/p>\n<p>\u00b7 der verwendete Browser<\/p>\n<p>\u00b7 Anzahl der \u00fcbertragenen Bytes<\/p>\n<p>\u00b7 Status des Seitenabrufes<\/p>\n<p>Die Erhebung und Verarbeitung dieser Daten erfolgt zu dem Zweck, die Nutzung meiner Webseite zu erm\u00f6glichen (Verbindungsaufbau) und die Systemsicherheit und -stabilit\u00e4t dauerhaft zu gew\u00e4hrleisten, sowie um die technische Administration der Netzinfrastruktur und die Optimierung meines Internetangebotes zu erm\u00f6glichen (Rechtsgrundlage Art. 6 Abs. 1 lit. b und f DSGVO). Dar\u00fcber hinaus werden diese Daten lediglich f\u00fcr interne statistische Zwecke sowie zur Verbesserung des Angebots ausgewertet (Rechtsgrundlage Art. 6 Abs. 1 lit. f DSGVO) und anschlie\u00dfend gel\u00f6scht. Eine anderweitige Verwendung oder Weitergabe an Dritte erfolgt nicht.<\/p>\n<h4>&nbsp;<\/h4>\n<h4><span class=\"style\">3. Weitergabe personenbezogener Daten <\/span><\/h4>\n<p>Ohne Ihre ausdr\u00fcckliche Zustimmung werde ich Ihre personenbezogenen Daten nicht an Dritte \u00fcbermitteln. Etwas anderes gilt nur, soweit hierf\u00fcr eine gesetzliche Verpflichtung besteht oder soweit dies zur Durchsetzung meiner Rechte erforderlich ist (Art. 6 Abs. 1 lit. f) DSGVO).<\/p>\n<p>Teilweise bediene ich mich externer Dienstleister zur Verarbeitung Ihrer personenbezogenen Daten, wie IT-Dienstleistern und Rechenzentren. Diese wurden von mir sorgf\u00e4ltig ausgew\u00e4hlt und schriftlich beauftragt. Die Dienstleister sind streng an meine Weisungen gebunden und werden regelm\u00e4\u00dfig kontrolliert. Eine Weitergabe Ihrer personenbezogenen Daten an Dritte oder eine Verarbeitung au\u00dferhalb des bestehenden Auftragsverh\u00e4ltnisses durch die Dienstleister erfolgt nicht.<\/p>\n<h4>&nbsp;<\/h4>\n<h4>4. Ihre Rechte<\/h4>\n<p>Sie haben gegen\u00fcber der oben genannten Verantwortlichen folgende Rechte:<\/p>\n<p>\u00b7 einen Anspruch auf unentgeltliche Auskunft \u00fcber die zu Ihrer Person verarbeiteten personenbezogenen Daten und Erstellung einer Kopie dieser Daten sowie auf Auskunft unter anderem \u00fcber deren Herkunft und Empf\u00e4nger sowie den Zweck der Datenverarbeitung sowie die Dauer der Speicherung (Art. 15 DSGVO);<\/p>\n<p>\u00b7 ggf. einen Anspruch auf Berichtigung unrichtiger oder unvollst\u00e4ndiger Daten (Art. 16 DSGVO), L\u00f6schung (Art. 17 DSGVO) oder die Einschr\u00e4nkung der Verarbeitung\/Sperrung (Art. 18 DSGVO) dieser Daten;<\/p>\n<p>\u00b7 das Recht, eine \u00dcbermittlung der von Ihnen bereitgestellten Daten an sich oder einen anderen Verantwortlichen zu verlangen (Art. 20 DSGVO).<\/p>\n<p>Sofern Sie mir eine Einwilligung zur Verarbeitung Ihrer personenbezogenen Daten gegeben haben, k\u00f6nnen Sie diese jederzeit mit Wirkung f\u00fcr die Zukunft widerrufen. Die Rechtm\u00e4\u00dfigkeit der vor dem Widerruf erfolgten Datenverarbeitung bleibt unber\u00fchrt.<\/p>\n<p>Entsprechende Begehren sind zu richten an<\/p>\n<p>Kilian Seyfried<\/p>\n<p>kilian.seyfried@online.de<\/p>\n<p>Dar\u00fcber hinaus haben Sie das Recht, Beschwerde bei einer datenschutzrechtlichen Aufsichtsbeh\u00f6rde, insbesondere in dem Mitgliedstaat\/Bundesland Ihres Aufenthaltsorts, Ihres Arbeitsplatzes, des Orts des mutma\u00dflichen Versto\u00dfes oder des Sitzes der Praxis (Berliner Beauftragte f\u00fcr Datenschutz, Friedrichstr. 219, 10969 Berlin, <a title=\"mailto:mailbox@datenschutz-berlin.de\">mailbox@datenschutz-berlin.de<\/a>) \u00fcber eine Ihres Erachtens unzul\u00e4ssige Datenverarbeitung einzureichen.<\/p>\n<h4>&nbsp;<\/h4>\n<h4>5. Datensicherheit<\/h4>\n<p>Ich verwende innerhalb des Website-Besuchs das verbreitete SSL-Verfahren (Secure Socket Layer) in Verbindung mit der jeweils h\u00f6chsten Verschl\u00fcsselungsstufe, die von Ihrem Browser unterst\u00fctzt wird. In der Regel handelt es sich dabei um eine 256 Bit Verschl\u00fcsselung. Falls Ihr Browser keine 256-Bit Verschl\u00fcsselung unterst\u00fctzt, greife ich stattdessen auf 128-Bit v3 Technologie zur\u00fcck. Ob eine einzelne Seite meines Internetauftritts verschl\u00fcsselt \u00fcbertragen wird, erkennen Sie an der geschlossenen Darstellung des Sch\u00fcssel \u2013 beziehungsweise Schloss-Symbols in der Adressleiste Ihres Browsers.<\/p>\n<p>Ich bediene mich im \u00dcbrigen geeigneter technischer und organisatorischer Sicherheitsma\u00dfnahmen, um Ihre Daten gegen zuf\u00e4llige oder vors\u00e4tzliche Manipulationen, teilweisen oder vollst\u00e4ndigen Verlust, Zerst\u00f6rung oder gegen den unbefugten Zugriff Dritter zu sch\u00fctzen. Die Sicherheitsma\u00dfnahmen werden entsprechend der technologischen Entwicklung fortlaufend verbessert.<\/p>\n<h4>&nbsp;<\/h4>\n<h4>6. Aktualit\u00e4t und \u00c4nderung dieser Datenschutzerkl\u00e4rung<\/h4>\n<p>Diese Datenschutzerkl\u00e4rung ist aktuell g\u00fcltig und hat den Stand Juni 2018.<\/p>\n<p>Durch die Weiterentwicklung meiner Website und Angebote dar\u00fcber oder aufgrund ge\u00e4nderter gesetzlicher beziehungsweise beh\u00f6rdlicher Vorgaben kann es notwendig werden, diese Datenschutzerkl\u00e4rung zu \u00e4ndern. Die jeweils aktuelle Datenschutzerkl\u00e4rung kann jederzeit hier von Ihnen abgerufen und ausgedruckt werden.<\/p>\n<\/div>\n<\/article>\n<\/div>\n<\/div>\n<\/div>\n","protected":false},"excerpt":{"rendered":"<p>&nbsp; Datenschutzerkl\u00e4rung Im Folgenden informiere ich Sie \u00fcber die Verarbeitung personenbezogener Daten bei der Nutzung meiner Webseite. Ich nehme den Schutz Ihrer personenbezogenen Daten sehr ernst. Ich behandle Ihre personenbezogenen Daten vertraulich und entsprechend der gesetzlichen Datenschutzvorschriften sowie dieser Datenschutzerkl\u00e4rung. Personenbezogene Daten sind alle Informationen, die sich auf eine identifizierte oder identifizierbare nat\u00fcrliche Person beziehen, [&hellip;]<\/p>\n","protected":false},"author":1,"featured_media":0,"parent":0,"menu_order":0,"comment_status":"closed","ping_status":"closed","template":"","meta":{"ngg_post_thumbnail":0,"footnotes":""},"_links":{"self":[{"href":"https:\/\/kilianseyfried.de\/index.php?rest_route=\/wp\/v2\/pages\/684"}],"collection":[{"href":"https:\/\/kilianseyfried.de\/index.php?rest_route=\/wp\/v2\/pages"}],"about":[{"href":"https:\/\/kilianseyfried.de\/index.php?rest_route=\/wp\/v2\/types\/page"}],"author":[{"embeddable":true,"href":"https:\/\/kilianseyfried.de\/index.php?rest_route=\/wp\/v2\/users\/1"}],"replies":[{"embeddable":true,"href":"https:\/\/kilianseyfried.de\/index.php?rest_route=%2Fwp%2Fv2%2Fcomments&post=684"}],"version-history":[{"count":5,"href":"https:\/\/kilianseyfried.de\/index.php?rest_route=\/wp\/v2\/pages\/684\/revisions"}],"predecessor-version":[{"id":701,"href":"https:\/\/kilianseyfried.de\/index.php?rest_route=\/wp\/v2\/pages\/684\/revisions\/701"}],"wp:attachment":[{"href":"https:\/\/kilianseyfried.de\/index.php?rest_route=%2Fwp%2Fv2%2Fmedia&parent=684"}],"curies":[{"name":"wp","href":"https:\/\/api.w.org\/{rel}","templated":true}]}}