{"id":382,"date":"2017-09-16T14:20:19","date_gmt":"2017-09-16T14:20:19","guid":{"rendered":"http:\/\/kilianseyfried.de\/?page_id=382"},"modified":"2019-01-24T18:10:05","modified_gmt":"2019-01-24T18:10:05","slug":"about","status":"publish","type":"page","link":"https:\/\/kilianseyfried.de\/?page_id=382","title":{"rendered":"_about"},"content":{"rendered":"<h4 style=\"text-align: left;\"><span style=\"font-family: Gill Sans;\"><span style=\"font-size: small;\"><img loading=\"lazy\" decoding=\"async\" width=\"299\" height=\"225\" class=\"alignnone wp-image-282\" alt=\"\" src=\"https:\/\/kilianseyfried.de\/wp-content\/uploads\/2017\/09\/scan004_100-300x225.jpg\" srcset=\"https:\/\/kilianseyfried.de\/wp-content\/uploads\/2017\/09\/scan004_100-300x225.jpg 300w, https:\/\/kilianseyfried.de\/wp-content\/uploads\/2017\/09\/scan004_100-768x576.jpg 768w, https:\/\/kilianseyfried.de\/wp-content\/uploads\/2017\/09\/scan004_100-1024x768.jpg 1024w, https:\/\/kilianseyfried.de\/wp-content\/uploads\/2017\/09\/scan004_100-800x600.jpg 800w, https:\/\/kilianseyfried.de\/wp-content\/uploads\/2017\/09\/scan004_100.jpg 1600w\" sizes=\"(max-width: 299px) 100vw, 299px\" \/><\/span><\/span><\/h4>\n<h6><span style=\"font-family: Gill Sans;\"><span style=\"font-size: small;\">K\u00fcnstlerisches Handeln ist f\u00fcr mich eine gute Art und Weise, mit den Fragen umzugehen, die mich besch\u00e4ftigen. Meine Werkzeuge sind Stift, Pinsel, Farbe und Papier. Die Arbeit an Bildern und Objekten beginnt h\u00e4ufig mit einer nur unbestimmten Ahnung von etwas &#8211; einem Wort, einem Bild, einer Geste. Zu Beginn ist es ein Vorantasten entlang sp\u00e4rlicher Wegmarken. Aus Neugierde also und nicht, wie man auch vermuten k\u00f6nnte, mit einer fest umrissenen Idee, mache ich mich auf den Weg. Dieser kann lang sein, oder im Gegenteil \u00fcberraschend kurz &#8211; vorher wei\u00df ich das nie. Im besten Fall kann ich das Ergebnis anschlie\u00dfend mit H\u00e4nden greifen und mit Augen sehen \u2013 dann ist es da.<\/span><\/span><\/h6>\n","protected":false},"excerpt":{"rendered":"<p>K\u00fcnstlerisches Handeln ist f\u00fcr mich eine gute Art und Weise, mit den Fragen umzugehen, die mich besch\u00e4ftigen. Meine Werkzeuge sind Stift, Pinsel, Farbe und Papier. Die Arbeit an Bildern und Objekten beginnt h\u00e4ufig mit einer nur unbestimmten Ahnung von etwas &#8211; einem Wort, einem Bild, einer Geste. Zu Beginn ist es ein Vorantasten entlang sp\u00e4rlicher [&hellip;]<\/p>\n","protected":false},"author":1,"featured_media":0,"parent":0,"menu_order":0,"comment_status":"closed","ping_status":"closed","template":"fullwidth-page.php","meta":{"ngg_post_thumbnail":0,"footnotes":""},"_links":{"self":[{"href":"https:\/\/kilianseyfried.de\/index.php?rest_route=\/wp\/v2\/pages\/382"}],"collection":[{"href":"https:\/\/kilianseyfried.de\/index.php?rest_route=\/wp\/v2\/pages"}],"about":[{"href":"https:\/\/kilianseyfried.de\/index.php?rest_route=\/wp\/v2\/types\/page"}],"author":[{"embeddable":true,"href":"https:\/\/kilianseyfried.de\/index.php?rest_route=\/wp\/v2\/users\/1"}],"replies":[{"embeddable":true,"href":"https:\/\/kilianseyfried.de\/index.php?rest_route=%2Fwp%2Fv2%2Fcomments&post=382"}],"version-history":[{"count":16,"href":"https:\/\/kilianseyfried.de\/index.php?rest_route=\/wp\/v2\/pages\/382\/revisions"}],"predecessor-version":[{"id":696,"href":"https:\/\/kilianseyfried.de\/index.php?rest_route=\/wp\/v2\/pages\/382\/revisions\/696"}],"wp:attachment":[{"href":"https:\/\/kilianseyfried.de\/index.php?rest_route=%2Fwp%2Fv2%2Fmedia&parent=382"}],"curies":[{"name":"wp","href":"https:\/\/api.w.org\/{rel}","templated":true}]}}